{"id":1129,"date":"2022-08-05T08:50:20","date_gmt":"2022-08-05T13:50:20","guid":{"rendered":"https:\/\/operationbravesa.com\/nuestros-servicios\/coordinacion-de-cuidados-de-enfermeria\/"},"modified":"2023-02-24T06:37:24","modified_gmt":"2023-02-24T12:37:24","slug":"coordinacion-de-cuidados-de-enfermeria","status":"publish","type":"page","link":"https:\/\/operationbravesa.com\/es\/nuestros-servicios\/coordinacion-de-cuidados-de-enfermeria\/","title":{"rendered":"Coordinaci\u00f3n de Cuidados de Enfermer\u00eda"},"content":{"rendered":"\t\t<div data-elementor-type=\"wp-page\" data-elementor-id=\"1129\" class=\"elementor elementor-1129 elementor-435\" data-elementor-post-type=\"page\">\n\t\t\t\t\t\t<section data-particle_enable=\"false\" data-particle-mobile-disabled=\"false\" class=\"has_ae_slider elementor-section elementor-top-section elementor-element elementor-element-fbd6343 elementor-section-boxed elementor-section-height-default elementor-section-height-default ae-bg-gallery-type-default\" data-id=\"fbd6343\" data-element_type=\"section\" data-e-type=\"section\" data-settings=\"{&quot;background_background&quot;:&quot;classic&quot;}\">\n\t\t\t\t\t\t\t<div class=\"elementor-background-overlay\"><\/div>\n\t\t\t\t\t\t\t<div class=\"elementor-container elementor-column-gap-no\">\n\t\t\t\t\t<div class=\"has_ae_slider elementor-column elementor-col-100 elementor-top-column elementor-element elementor-element-cfbfd48 ae-bg-gallery-type-default\" data-id=\"cfbfd48\" data-element_type=\"column\" data-e-type=\"column\">\n\t\t\t<div class=\"elementor-widget-wrap elementor-element-populated\">\n\t\t\t\t\t\t<div class=\"elementor-element elementor-element-3c1950b elementor-widget elementor-widget-heading\" data-id=\"3c1950b\" data-element_type=\"widget\" data-e-type=\"widget\" data-widget_type=\"heading.default\">\n\t\t\t\t<div class=\"elementor-widget-container\">\n\t\t\t\t\t<h1 class=\"elementor-heading-title elementor-size-default\">Coordinaci\u00f3n de Cuidados de Enfermer\u00eda<\/h1>\t\t\t\t<\/div>\n\t\t\t\t<\/div>\n\t\t\t\t\t<\/div>\n\t\t<\/div>\n\t\t\t\t\t<\/div>\n\t\t<\/section>\n\t\t\t\t<section data-particle_enable=\"false\" data-particle-mobile-disabled=\"false\" class=\"has_ae_slider elementor-section elementor-top-section elementor-element elementor-element-bc5f9ef elementor-section-height-default elementor-section-boxed elementor-section-height-default ae-bg-gallery-type-default\" data-id=\"bc5f9ef\" data-element_type=\"section\" data-e-type=\"section\">\n\t\t\t\t\t\t<div class=\"elementor-container elementor-column-gap-no\">\n\t\t\t\t\t<div class=\"has_ae_slider elementor-column elementor-col-100 elementor-inner-column elementor-element elementor-element-1baa6d8 ae-bg-gallery-type-default\" data-id=\"1baa6d8\" data-element_type=\"column\" data-e-type=\"column\">\n\t\t\t<div class=\"elementor-widget-wrap elementor-element-populated\">\n\t\t\t\t\t\t<div class=\"elementor-element elementor-element-b09ddd7 elementor-widget elementor-widget-heading\" data-id=\"b09ddd7\" data-element_type=\"widget\" data-e-type=\"widget\" data-widget_type=\"heading.default\">\n\t\t\t\t<div class=\"elementor-widget-container\">\n\t\t\t\t\t<h4 class=\"elementor-heading-title elementor-size-default\">Tener una diagnosis reciente cambia tu vida. y aveces es dif\u00edcil hacerlo solo. \u00a1Ah\u00ed es donde nuestro equipo de coordinaci\u00f3n de atenci\u00f3n de enfermer\u00eda te puede ayudar! Nuestro grupo de enfermer\u00eda est\u00e1n aqu\u00ed para ayudarte a manejar tu diagn\u00f3stico. \u00a1Eres \u00fanico y nuestros coordinadores de atenci\u00f3n de enfermer\u00eda est\u00e1n aqu\u00ed para encontrar el apoyo de VIH que funcione mejor para TI y tu estilo de vida!<\/h4>\t\t\t\t<\/div>\n\t\t\t\t<\/div>\n\t\t\t\t\t<\/div>\n\t\t<\/div>\n\t\t\t\t\t<\/div>\n\t\t<\/section>\n\t\t\t\t<section data-particle_enable=\"false\" data-particle-mobile-disabled=\"false\" class=\"has_ae_slider elementor-section elementor-top-section elementor-element elementor-element-701a046 elementor-section-height-default elementor-section-boxed elementor-section-height-default ae-bg-gallery-type-default\" data-id=\"701a046\" data-element_type=\"section\" data-e-type=\"section\">\n\t\t\t\t\t\t<div class=\"elementor-container elementor-column-gap-narrow\">\n\t\t\t\t\t<div class=\"has_ae_slider elementor-column elementor-col-100 elementor-inner-column elementor-element elementor-element-8b26d9b ae-bg-gallery-type-default\" data-id=\"8b26d9b\" data-element_type=\"column\" data-e-type=\"column\">\n\t\t\t<div class=\"elementor-widget-wrap elementor-element-populated\">\n\t\t\t\t\t\t<div class=\"elementor-element elementor-element-4051c86 elementor-widget elementor-widget-heading\" data-id=\"4051c86\" data-element_type=\"widget\" data-e-type=\"widget\" data-widget_type=\"heading.default\">\n\t\t\t\t<div class=\"elementor-widget-container\">\n\t\t\t\t\t<h4 class=\"elementor-heading-title elementor-size-default\">Nuestro equipo est\u00e1 aqu\u00ed para ayudarte<\/h4>\t\t\t\t<\/div>\n\t\t\t\t<\/div>\n\t\t\t\t<div class=\"elementor-element elementor-element-d622ec4 elementor-widget elementor-widget-text-editor\" data-id=\"d622ec4\" data-element_type=\"widget\" data-e-type=\"widget\" data-widget_type=\"text-editor.default\">\n\t\t\t\t<div class=\"elementor-widget-container\">\n\t\t\t\t\t\t\t\t\t<p><span style=\"font-weight: 400;\">Nuestra coordinaci\u00f3n de enfermer\u00eda esta aqu\u00ed para ayudarte a aceptar una vida con VIH y responder cualquier pregunta relacionada con la salud que puedas tener. <\/span><span style=\"font-weight: 400;\">Un coordinador de atenci\u00f3n de enfermer\u00eda es la conexi\u00f3n con tu tratamiento y celebrar\u00e1 cada logro positivo en tu salud. <\/span><\/p>\t\t\t\t\t\t\t\t<\/div>\n\t\t\t\t<\/div>\n\t\t\t\t<div class=\"elementor-element elementor-element-6a6e083 elementor-widget elementor-widget-heading\" data-id=\"6a6e083\" data-element_type=\"widget\" data-e-type=\"widget\" data-widget_type=\"heading.default\">\n\t\t\t\t<div class=\"elementor-widget-container\">\n\t\t\t\t\t<h4 class=\"elementor-heading-title elementor-size-default\">Comun\u00edcate con nosotros.<\/h4>\t\t\t\t<\/div>\n\t\t\t\t<\/div>\n\t\t\t\t<div class=\"elementor-element elementor-element-9163e4e elementor-widget elementor-widget-text-editor\" data-id=\"9163e4e\" data-element_type=\"widget\" data-e-type=\"widget\" data-widget_type=\"text-editor.default\">\n\t\t\t\t<div class=\"elementor-widget-container\">\n\t\t\t\t\t\t\t\t\t<p>\u00a1TODOS los servicios de <strong>Operaci\u00f3n BRAVE<\/strong> son confidenciales y gratuitos! Estamos aqu\u00ed para los que han sido recientemente diagnosticados, no est\u00e1n recibiendo tratamiento, o no han alcanzado la supresi\u00f3n viral.<\/p>\n<p>Y recuerda, \u00a1TODOS los servicios de Operaci\u00f3n BRAVE son confidenciales y gratuitos! \u00bfComo podemos ayudarte? Ll\u00e1manos al <a href=\"tel:210.644.1560\">210.644.1560<\/a>.<\/p>\n\t\t\t\t\t\t\t\t<\/div>\n\t\t\t\t<\/div>\n\t\t\t\t\t<\/div>\n\t\t<\/div>\n\t\t\t\t\t<\/div>\n\t\t<\/section>\n\t\t\t\t<section data-particle_enable=\"false\" data-particle-mobile-disabled=\"false\" class=\"has_ae_slider elementor-section elementor-top-section elementor-element elementor-element-dfc302a elementor-section-boxed elementor-section-height-default elementor-section-height-default ae-bg-gallery-type-default\" data-id=\"dfc302a\" data-element_type=\"section\" data-e-type=\"section\" data-settings=\"{&quot;background_background&quot;:&quot;classic&quot;}\">\n\t\t\t\t\t\t<div class=\"elementor-container elementor-column-gap-default\">\n\t\t\t\t\t<div class=\"has_ae_slider elementor-column elementor-col-100 elementor-top-column elementor-element elementor-element-b17a481 ae-bg-gallery-type-default\" data-id=\"b17a481\" data-element_type=\"column\" data-e-type=\"column\">\n\t\t\t<div class=\"elementor-widget-wrap elementor-element-populated\">\n\t\t\t\t\t\t<div class=\"elementor-element elementor-element-8245c2c elementor-widget elementor-widget-heading\" data-id=\"8245c2c\" data-element_type=\"widget\" data-e-type=\"widget\" data-widget_type=\"heading.default\">\n\t\t\t\t<div class=\"elementor-widget-container\">\n\t\t\t\t\t<h4 class=\"elementor-heading-title elementor-size-default\">Todos los servicios son gratuitos y confidenciales.<\/h4>\t\t\t\t<\/div>\n\t\t\t\t<\/div>\n\t\t\t\t\t<\/div>\n\t\t<\/div>\n\t\t\t\t\t<\/div>\n\t\t<\/section>\n\t\t\t\t<section data-particle_enable=\"false\" data-particle-mobile-disabled=\"false\" class=\"has_ae_slider elementor-section elementor-top-section elementor-element elementor-element-ddae1f2 elementor-section-boxed elementor-section-height-default elementor-section-height-default ae-bg-gallery-type-default\" data-id=\"ddae1f2\" data-element_type=\"section\" data-e-type=\"section\">\n\t\t\t\t\t\t<div class=\"elementor-container elementor-column-gap-default\">\n\t\t\t\t\t<div class=\"has_ae_slider elementor-column elementor-col-100 elementor-top-column elementor-element elementor-element-1c4e1c9 ae-bg-gallery-type-default\" data-id=\"1c4e1c9\" data-element_type=\"column\" data-e-type=\"column\">\n\t\t\t<div class=\"elementor-widget-wrap elementor-element-populated\">\n\t\t\t\t\t\t<div class=\"elementor-element elementor-element-4848c5c elementor-widget elementor-widget-heading\" data-id=\"4848c5c\" data-element_type=\"widget\" data-e-type=\"widget\" data-widget_type=\"heading.default\">\n\t\t\t\t<div class=\"elementor-widget-container\">\n\t\t\t\t\t<h3 class=\"elementor-heading-title elementor-size-default\">\u00bfHas sido diagnosticado recientemente con VIH? - \u00bfNo estas recibiendo cuidado? \u00bfNecesitas tratamiento para lograr la supresi\u00f3n viral? \n<\/h3>\t\t\t\t<\/div>\n\t\t\t\t<\/div>\n\t\t\t\t<div class=\"elementor-element elementor-element-3d02c8d elementor-widget elementor-widget-text-editor\" data-id=\"3d02c8d\" data-element_type=\"widget\" data-e-type=\"widget\" data-widget_type=\"text-editor.default\">\n\t\t\t\t<div class=\"elementor-widget-container\">\n\t\t\t\t\t\t\t\t\t<p>\u00a1Nuestros coordinadores de atenci\u00f3n de enfermer\u00eda est\u00e1n aqu\u00ed para ayudarte! Todos los servicios de Operaci\u00f3n BRAVE son GRATUITOS y confidenciales para los residentes del condado de Bexar. <\/p>\n<p>Podemos ayudarte con:<\/p>\n<ul>\n<li>Recordatorios de citas<\/li>\n<li>Programaci\u00f3n de citas<\/li>\n<li>Proporcionar kits de higiene.<\/li>\n<li>Pases mensuales de autob\u00fas<\/li>\n<li>Aplicaciones para el Programa de Medicamentos para el VIH de Texas (THMP), SNAP y Medicaid.<\/li>\n<li>Referencias a recursos locales como (grupos de apoyo, profesionales de salud mental, tratamiento del VIH y programas de vivienda).<\/li>\n<\/ul>\n<p>Tambi\u00e9n podemos responder lo siguiente:<\/p>\n<ul>\n<li>\u00bfCu\u00e1les son los signos y s\u00edntomas de ciertas enfermedades?<\/li>\n<li>\u00bfD\u00f3nde puedo hacerme la prueba?<\/li>\n<li>\u00bfQu\u00e9 es la carga viral vs CD4?<\/li>\n<\/ul>\n\t\t\t\t\t\t\t\t<\/div>\n\t\t\t\t<\/div>\n\t\t\t\t<div class=\"elementor-element elementor-element-6a78f55 elementor-widget elementor-widget-heading\" data-id=\"6a78f55\" data-element_type=\"widget\" data-e-type=\"widget\" data-widget_type=\"heading.default\">\n\t\t\t\t<div class=\"elementor-widget-container\">\n\t\t\t\t\t<h4 class=\"elementor-heading-title elementor-size-default\">Trabajaremos como un enlace con tu equipo m\u00e9dico para apoyarte en tus servicios de atenci\u00f3n y tratamiento de VIH.\n<\/h4>\t\t\t\t<\/div>\n\t\t\t\t<\/div>\n\t\t\t\t\t<\/div>\n\t\t<\/div>\n\t\t\t\t\t<\/div>\n\t\t<\/section>\n\t\t\t\t<\/div>\n\t\t","protected":false},"excerpt":{"rendered":"<p>Coordinaci\u00f3n de Cuidados de Enfermer\u00eda Tener una diagnosis reciente cambia tu vida. y aveces es dif\u00edcil hacerlo solo. \u00a1Ah\u00ed es donde nuestro equipo de coordinaci\u00f3n de atenci\u00f3n de enfermer\u00eda te [&hellip;]<\/p>\n","protected":false},"author":4,"featured_media":0,"parent":1117,"menu_order":0,"comment_status":"closed","ping_status":"closed","template":"","meta":{"site-sidebar-layout":"no-sidebar","site-content-layout":"page-builder","ast-site-content-layout":"default","site-content-style":"default","site-sidebar-style":"default","ast-global-header-display":"","ast-banner-title-visibility":"","ast-main-header-display":"","ast-hfb-above-header-display":"","ast-hfb-below-header-display":"","ast-hfb-mobile-header-display":"","site-post-title":"disabled","ast-breadcrumbs-content":"disabled","ast-featured-img":"disabled","footer-sml-layout":"","ast-disable-related-posts":"","theme-transparent-header-meta":"enabled","adv-header-id-meta":"","stick-header-meta":"","header-above-stick-meta":"","header-main-stick-meta":"","header-below-stick-meta":"","astra-migrate-meta-layouts":"default","ast-page-background-enabled":"default","ast-page-background-meta":{"desktop":{"background-color":"","background-image":"","background-repeat":"repeat","background-position":"center center","background-size":"auto","background-attachment":"scroll","background-type":"","background-media":"","overlay-type":"","overlay-color":"","overlay-opacity":"","overlay-gradient":""},"tablet":{"background-color":"","background-image":"","background-repeat":"repeat","background-position":"center center","background-size":"auto","background-attachment":"scroll","background-type":"","background-media":"","overlay-type":"","overlay-color":"","overlay-opacity":"","overlay-gradient":""},"mobile":{"background-color":"","background-image":"","background-repeat":"repeat","background-position":"center center","background-size":"auto","background-attachment":"scroll","background-type":"","background-media":"","overlay-type":"","overlay-color":"","overlay-opacity":"","overlay-gradient":""}},"ast-content-background-meta":{"desktop":{"background-color":"var(--ast-global-color-5)","background-image":"","background-repeat":"repeat","background-position":"center center","background-size":"auto","background-attachment":"scroll","background-type":"","background-media":"","overlay-type":"","overlay-color":"","overlay-opacity":"","overlay-gradient":""},"tablet":{"background-color":"var(--ast-global-color-5)","background-image":"","background-repeat":"repeat","background-position":"center center","background-size":"auto","background-attachment":"scroll","background-type":"","background-media":"","overlay-type":"","overlay-color":"","overlay-opacity":"","overlay-gradient":""},"mobile":{"background-color":"var(--ast-global-color-5)","background-image":"","background-repeat":"repeat","background-position":"center center","background-size":"auto","background-attachment":"scroll","background-type":"","background-media":"","overlay-type":"","overlay-color":"","overlay-opacity":"","overlay-gradient":""}},"footnotes":""},"class_list":["post-1129","page","type-page","status-publish","hentry"],"aioseo_notices":[],"_links":{"self":[{"href":"https:\/\/operationbravesa.com\/es\/wp-json\/wp\/v2\/pages\/1129","targetHints":{"allow":["GET"]}}],"collection":[{"href":"https:\/\/operationbravesa.com\/es\/wp-json\/wp\/v2\/pages"}],"about":[{"href":"https:\/\/operationbravesa.com\/es\/wp-json\/wp\/v2\/types\/page"}],"author":[{"embeddable":true,"href":"https:\/\/operationbravesa.com\/es\/wp-json\/wp\/v2\/users\/4"}],"replies":[{"embeddable":true,"href":"https:\/\/operationbravesa.com\/es\/wp-json\/wp\/v2\/comments?post=1129"}],"version-history":[{"count":0,"href":"https:\/\/operationbravesa.com\/es\/wp-json\/wp\/v2\/pages\/1129\/revisions"}],"up":[{"embeddable":true,"href":"https:\/\/operationbravesa.com\/es\/wp-json\/wp\/v2\/pages\/1117"}],"wp:attachment":[{"href":"https:\/\/operationbravesa.com\/es\/wp-json\/wp\/v2\/media?parent=1129"}],"curies":[{"name":"wp","href":"https:\/\/api.w.org\/{rel}","templated":true}]}}